{"id":809,"date":"2021-02-12T09:50:57","date_gmt":"2021-02-12T09:50:57","guid":{"rendered":"http:\/\/iheatpanel.nl\/sample-page\/"},"modified":"2024-08-20T14:37:07","modified_gmt":"2024-08-20T12:37:07","slug":"startseite","status":"publish","type":"page","link":"https:\/\/iheatpanel.nl\/de\/","title":{"rendered":"Startseite"},"content":{"rendered":"<div class=\"wpb-content-wrapper\"><p>[vc_row full_width=&#8220;stretch_row_content&#8220; gap=&#8220;35&#8243; content_placement=&#8220;middle&#8220; parallax=&#8220;content-moving-fade&#8220; parallax_image=&#8220;464&#8243;][vc_column width=&#8220;1\/2&#8243;][vc_single_image image=&#8220;782&#8243; img_size=&#8220;219&#215;400&#8243; alignment=&#8220;center&#8220; css_animation=&#8220;fadeInUp&#8220;][\/vc_column][vc_column width=&#8220;1\/2&#8243; el_class=&#8220;opacity-block-dark&#8220;][vc_column_text el_class=&#8220;text-line-block&#8220;]<\/p>\n<h2><strong>DAS ORIGINAL!<\/strong><\/h2>\n<p>Wir stellen schnell installierende, au\u00dfergew\u00f6hnlich effektive Glas-Infrarot-Heizpaneele f\u00fcr den Einsatz in Wohnh\u00e4usern oder Gewerbegeb\u00e4uden her. Unsere Glas-IR-Panels sind so konstruiert, dass sie ein H\u00f6chstma\u00df an Effizienz, Wirtschaftlichkeit und Komfort der Innenraumheizung bieten. Ideale Ergebnisse werden erzielt, wenn sie als einzige W\u00e4rmequelle f\u00fcr Strukturen verwendet werden.<\/p>\n<p>iHEatpanel bietet ein angenehmes Raumklima bei gleichzeitiger Minimierung des Energieverbrauchs. MAXXINNO iHeatpanels bieten den Eigent\u00fcmern im Vergleich zu herk\u00f6mmlichen Heizsystemen enorme Energieeinsparungen. Gleichzeitig entfallen die Inspektions-, Wartungs- und Reparaturkosten f\u00fcr Heizger\u00e4te.<\/p>\n<p>\u2022 Dramatische Reduzierung der Heizkosten<br \/>\n\u2022 Festk\u00f6rperbetrieb; l\u00e4uft ger\u00e4uschlos und wartungsfrei<br \/>\n\u2022 Wird schnell in neuen Builds oder vorhandenen Strukturen installiert<br \/>\n\u2022 \u00dcberlegenes Heizelement f\u00fcr lange Lebensdauer<br \/>\n\u2022 Drahtloser Temperaturregler; Kabel nicht erforderlich<br \/>\n\u2022 Reinigen Sie die W\u00e4rmequelle ohne Verbrennungs- oder Luftfilteranforderungen<br \/>\n\u2022 Erh\u00e4lt die optimale Luftfeuchtigkeit durch Reduzierung der Konvektion<br \/>\n\u2022 Kein W\u00e4rmeverlust durch Rohre, Schornsteine \u200b\u200boder Kan\u00e4le<br \/>\n\u2022 Vielf\u00e4ltige gesundheitliche Vorteile durch Strahlungsw\u00e4rme<br \/>\n\u2022 Erh\u00f6ht die Verf\u00fcgbarkeit von Bodenfl\u00e4che f\u00fcr die Nutzung durch die Insassen[\/vc_column_text][\/vc_column][\/vc_row][vc_row full_width=&#8220;stretch_row_content&#8220; content_placement=&#8220;middle&#8220; css=&#8220;.vc_custom_1617437269150{margin-top: 0px !important;margin-bottom: 0px !important;border-top-width: 0px !important;border-bottom-width: 0px !important;padding-top: 0px !important;padding-bottom: 0px !important;background-image: url(https:\/\/iheatpanel.nl\/wp-content\/uploads\/2021\/04\/maxxinno-exterior.jpg?id=943) !important;background-position: center !important;background-repeat: no-repeat !important;background-size: cover !important;}&#8220; el_class=&#8220;bottom-half-homepage&#8220;][vc_column css=&#8220;.vc_custom_1614688862328{margin-top: 0px !important;margin-bottom: 0px !important;border-top-width: 0px !important;border-bottom-width: 0px !important;padding-top: 0px !important;padding-bottom: 0px !important;}&#8220;][vc_row_inner content_placement=&#8220;middle&#8220; css=&#8220;.vc_custom_1614689251387{margin-top: 0px !important;margin-bottom: 0px !important;border-top-width: 0px !important;border-bottom-width: 0px !important;padding-top: 0px !important;padding-bottom: 0px !important;}&#8220;][vc_column_inner width=&#8220;1\/2&#8243;][\/vc_column_inner][vc_column_inner el_class=&#8220;opacity-block-light&#8220; width=&#8220;1\/2&#8243;][vc_column_text el_class=&#8220;text-line-block&#8220;]<strong>iHeatPanels<\/strong> bestehen aus hochfestem, hitzetr\u00e4nktem (HST) geh\u00e4rtetem Glas und einem internen Heizelement, das eine leistungsstarke W\u00e4rmeabgabe bei einer Betriebsdauer von mehr als 30 Jahren garantiert.<\/p>\n<p><strong>iHeatPanel<\/strong> ist mit einer Maxxinno Thermostat f\u00fcr eine effiziente Temperaturregelung Maxxinno ISD+ISD1 (Intelligent Saving Thermostat)<\/p>\n<p>Wir bieten erschwingliche Preise mit kontinuierlichen Einsparungen in einem System, das einfach zu installieren, zu betreiben und nur wenig Platz ben\u00f6tigt. Es ist nicht erforderlich, andere Brennstoffe wie Gas, \u00d6l oder Holz zu verbrennen &#8211; unser Heizsystem ist umweltfreundlich, tragbar und auch wartungsfrei.<\/p>\n<p>&nbsp;<\/p>\n<p>[\/vc_column_text][\/vc_column_inner][\/vc_row_inner][vc_row_inner css=&#8220;.vc_custom_1614701029316{margin-top: 0px !important;margin-bottom: 0px !important;border-top-width: 0px !important;border-bottom-width: 0px !important;padding-top: 20px !important;padding-bottom: 45px !important;background-color: rgba(0,0,0,0.8) !important;*background-color: rgb(0,0,0) !important;}&#8220;][vc_column_inner width=&#8220;1\/4&#8243;]<div class=\"icon_box icon_position_left no_border\"><a class=\"\" href=\"http:\/\/iheatpanel.nl\/about-us\/\"   title=\"\"><div class=\"icon_wrapper\"><div class=\"icon\"><i class=\"icon-calendar-line\" aria-hidden=\"true\"><\/i><\/div><\/div><div class=\"desc_wrapper\"><div class=\"desc\">26 years in the<br \/>\ninfrared heating business<\/div><\/div><\/a><\/div>\n[\/vc_column_inner][vc_column_inner width=&#8220;1\/4&#8243;]<div class=\"icon_box icon_position_left no_border\"><a class=\"\" href=\"http:\/\/iheatpanel.nl\/products\/\"   title=\"\"><div class=\"icon_wrapper\"><div class=\"icon\"><i class=\"icon-cog-line\" aria-hidden=\"true\"><\/i><\/div><\/div><div class=\"desc_wrapper\"><div class=\"desc\">Trust in quality:<br \/>\nMade in the Netherlands<\/div><\/div><\/a><\/div>\n[\/vc_column_inner][vc_column_inner width=&#8220;1\/4&#8243;]<div class=\"icon_box icon_position_left no_border\"><a class=\"\" href=\"http:\/\/iheatpanel.nl\/technical-information\/\"   title=\"\"><div class=\"icon_wrapper\"><div class=\"icon\"><i class=\"icon-air\" aria-hidden=\"true\"><\/i><\/div><\/div><div class=\"desc_wrapper\"><div class=\"desc\">A comfortable and modern<br \/>\nmethod of heating<\/div><\/div><\/a><\/div>\n[\/vc_column_inner][vc_column_inner width=&#8220;1\/4&#8243;]<div class=\"icon_box icon_position_left no_border\"><a class=\"\" href=\"http:\/\/iheatpanel.nl\/technical-information\/\"   title=\"\"><div class=\"icon_wrapper\"><div class=\"icon\"><i class=\"icon-leaf\" aria-hidden=\"true\"><\/i><\/div><\/div><div class=\"desc_wrapper\"><div class=\"desc\">Reliable, efficient,<br \/>\nand clean!<\/div><\/div><\/a><\/div>\n[\/vc_column_inner][\/vc_row_inner][vc_row_inner css=&#8220;.vc_custom_1614849507474{margin-top: 0px !important;margin-bottom: 0px !important;border-top-width: 0px !important;border-bottom-width: 0px !important;padding-top: 0px !important;padding-bottom: 0px !important;background-color: rgba(0,0,0,0.6) !important;*background-color: rgb(0,0,0) !important;}&#8220; el_id=&#8220;maxxinno-contact&#8220;][vc_column_inner]\n<div class=\"wpcf7 no-js\" id=\"wpcf7-f847-o1\" lang=\"en-US\" dir=\"ltr\" data-wpcf7-id=\"847\">\n<div class=\"screen-reader-response\"><p role=\"status\" aria-live=\"polite\" aria-atomic=\"true\"><\/p> <ul><\/ul><\/div>\n<form action=\"\/de\/wp-json\/wp\/v2\/pages\/809#wpcf7-f847-o1\" method=\"post\" class=\"wpcf7-form init\" aria-label=\"Contact form\" novalidate=\"novalidate\" data-status=\"init\">\n<fieldset class=\"hidden-fields-container\"><input type=\"hidden\" name=\"_wpcf7\" value=\"847\" \/><input type=\"hidden\" name=\"_wpcf7_version\" value=\"6.1.5\" \/><input type=\"hidden\" name=\"_wpcf7_locale\" value=\"en_US\" \/><input type=\"hidden\" name=\"_wpcf7_unit_tag\" value=\"wpcf7-f847-o1\" \/><input type=\"hidden\" name=\"_wpcf7_container_post\" value=\"0\" \/><input type=\"hidden\" name=\"_wpcf7_posted_data_hash\" value=\"\" \/><input type=\"hidden\" name=\"_wpcf7_recaptcha_response\" value=\"\" \/>\n<\/fieldset>\n<h1 style=\"text-align: center;\">Kontaktiere uns\n<\/h1>\n<div class=\"itr-form-item-sm\">\n\t<p><span class=\"wpcf7-form-control-wrap\" data-name=\"first-name\"><input size=\"40\" maxlength=\"400\" class=\"wpcf7-form-control wpcf7-text wpcf7-validates-as-required\" aria-required=\"true\" aria-invalid=\"false\" placeholder=\"Vorname *\" value=\"\" type=\"text\" name=\"first-name\" \/><\/span>\n\t<\/p>\n<\/div>\n<div class=\"itr-form-item-sm\">\n\t<p><span class=\"wpcf7-form-control-wrap\" data-name=\"last-name\"><input size=\"40\" maxlength=\"400\" class=\"wpcf7-form-control wpcf7-text\" aria-invalid=\"false\" placeholder=\"Nachname\" value=\"\" type=\"text\" name=\"last-name\" \/><\/span>\n\t<\/p>\n<\/div>\n<div class=\"itr-form-item-sm\">\n\t<p><span class=\"wpcf7-form-control-wrap\" data-name=\"email\"><input size=\"40\" maxlength=\"400\" class=\"wpcf7-form-control wpcf7-email wpcf7-validates-as-required wpcf7-text wpcf7-validates-as-email\" aria-required=\"true\" aria-invalid=\"false\" placeholder=\"Email *\" value=\"\" type=\"email\" name=\"email\" \/><\/span>\n\t<\/p>\n<\/div>\n<div class=\"itr-form-item-sm\">\n\t<p><span class=\"wpcf7-form-control-wrap\" data-name=\"company\"><input size=\"40\" maxlength=\"400\" class=\"wpcf7-form-control wpcf7-text\" aria-invalid=\"false\" placeholder=\"Unternehmen\" value=\"\" type=\"text\" name=\"company\" \/><\/span>\n\t<\/p>\n<\/div>\n<div class=\"itr-form-item-bg\">\n\t<p><span class=\"wpcf7-form-control-wrap\" data-name=\"textarea-617\"><textarea cols=\"40\" rows=\"10\" maxlength=\"2000\" class=\"wpcf7-form-control wpcf7-textarea\" aria-invalid=\"false\" placeholder=\"Nachricht...\" name=\"textarea-617\"><\/textarea><\/span>\n\t<\/p>\n<\/div>\n<div class=\"itr-form-item-bg\">\n\t<p>Ich interessiere mich f\u00fcr:<span class=\"wpcf7-form-control-wrap\" data-name=\"checkbox-324\"><span class=\"wpcf7-form-control wpcf7-checkbox\"><span class=\"wpcf7-list-item first\"><label><input type=\"checkbox\" name=\"checkbox-324[]\" value=\"Einkauf\" \/><span class=\"wpcf7-list-item-label\">Einkauf<\/span><\/label><\/span><span class=\"wpcf7-list-item\"><label><input type=\"checkbox\" name=\"checkbox-324[]\" value=\"Installation\" \/><span class=\"wpcf7-list-item-label\">Installation<\/span><\/label><\/span><span class=\"wpcf7-list-item\"><label><input type=\"checkbox\" name=\"checkbox-324[]\" value=\"Technische Beratung\" \/><span class=\"wpcf7-list-item-label\">Technische Beratung<\/span><\/label><\/span><span class=\"wpcf7-list-item\"><label><input type=\"checkbox\" name=\"checkbox-324[]\" value=\"Showroom-Besuch\" \/><span class=\"wpcf7-list-item-label\">Showroom-Besuch<\/span><\/label><\/span><span class=\"wpcf7-list-item\"><label><input type=\"checkbox\" name=\"checkbox-324[]\" value=\"Handelsanfrage\" \/><span class=\"wpcf7-list-item-label\">Handelsanfrage<\/span><\/label><\/span><span class=\"wpcf7-list-item last\"><label><input type=\"checkbox\" name=\"checkbox-324[]\" value=\"Fertigung\" \/><span class=\"wpcf7-list-item-label\">Fertigung<\/span><\/label><\/span><\/span><\/span>\n\t<\/p>\n<\/div>\n<p><input class=\"wpcf7-form-control wpcf7-submit has-spinner\" type=\"submit\" value=\"Senden &raquo;\" \/>\n<\/p><p style=\"display: none !important;\" class=\"akismet-fields-container\" data-prefix=\"_wpcf7_ak_\"><label>&#916;<textarea name=\"_wpcf7_ak_hp_textarea\" cols=\"45\" rows=\"8\" maxlength=\"100\"><\/textarea><\/label><input type=\"hidden\" id=\"ak_js_1\" name=\"_wpcf7_ak_js\" value=\"231\"\/><script>document.getElementById( \"ak_js_1\" ).setAttribute( \"value\", ( new Date() ).getTime() );<\/script><\/p><div class=\"wpcf7-response-output\" aria-hidden=\"true\"><\/div>\n<\/form>\n<\/div>\n[\/vc_column_inner][\/vc_row_inner][\/vc_column][\/vc_row]<\/p>\n<\/div>","protected":false},"excerpt":{"rendered":"<p>[vc_row full_width=&#8220;stretch_row_content&#8220; gap=&#8220;35&#8243; content_placement=&#8220;middle&#8220; parallax=&#8220;content-moving-fade&#8220; parallax_image=&#8220;464&#8243;][vc_column width=&#8220;1\/2&#8243;][vc_single_image image=&#8220;782&#8243; img_size=&#8220;219&#215;400&#8243; alignment=&#8220;center&#8220; css_animation=&#8220;fadeInUp&#8220;][\/vc_column][vc_column width=&#8220;1\/2&#8243; el_class=&#8220;opacity-block-dark&#8220;][vc_column_text el_class=&#8220;text-line-block&#8220;] DAS ORIGINAL! Wir stellen schnell installierende, au\u00dfergew\u00f6hnlich effektive Glas-Infrarot-Heizpaneele f\u00fcr den Einsatz<span class=\"excerpt-hellip\"> [\u2026]<\/span><\/p>\n","protected":false},"author":1,"featured_media":0,"parent":0,"menu_order":0,"comment_status":"closed","ping_status":"closed","template":"","meta":{"rs_blank_template":"","rs_page_bg_color":"","slide_template_v7":"","footnotes":""},"class_list":["post-809","page","type-page","status-publish","hentry"],"yoast_head":"<!-- This site is optimized with the Yoast SEO Premium plugin v26.6 (Yoast SEO v27.3) - https:\/\/yoast.com\/product\/yoast-seo-premium-wordpress\/ -->\n<title>Startseite - iHeatpanel<\/title>\n<meta name=\"robots\" content=\"index, follow, max-snippet:-1, max-image-preview:large, max-video-preview:-1\" \/>\n<link rel=\"canonical\" href=\"https:\/\/iheatpanel.nl\/de\/\" \/>\n<meta property=\"og:locale\" content=\"de_DE\" \/>\n<meta property=\"og:type\" content=\"article\" \/>\n<meta property=\"og:title\" content=\"Startseite\" \/>\n<meta property=\"og:description\" content=\"[vc_row full_width=&#8220;stretch_row_content&#8220; gap=&#8220;35&#8243; content_placement=&#8220;middle&#8220; parallax=&#8220;content-moving-fade&#8220; parallax_image=&#8220;464&#8243;][vc_column width=&#8220;1\/2&#8243;][vc_single_image image=&#8220;782&#8243; img_size=&#8220;219&#215;400&#8243; alignment=&#8220;center&#8220; css_animation=&#8220;fadeInUp&#8220;][\/vc_column][vc_column width=&#8220;1\/2&#8243; el_class=&#8220;opacity-block-dark&#8220;][vc_column_text el_class=&#8220;text-line-block&#8220;] DAS ORIGINAL! Wir stellen schnell installierende, au\u00dfergew\u00f6hnlich effektive Glas-Infrarot-Heizpaneele f\u00fcr den Einsatz [\u2026]\" \/>\n<meta property=\"og:url\" content=\"https:\/\/iheatpanel.nl\/de\/\" \/>\n<meta property=\"og:site_name\" content=\"iHeatpanel\" \/>\n<meta property=\"article:modified_time\" content=\"2024-08-20T12:37:07+00:00\" \/>\n<meta name=\"twitter:card\" content=\"summary_large_image\" \/>\n<script type=\"application\/ld+json\" class=\"yoast-schema-graph\">{\"@context\":\"https:\\\/\\\/schema.org\",\"@graph\":[{\"@type\":\"WebPage\",\"@id\":\"https:\\\/\\\/iheatpanel.nl\\\/de\\\/\",\"url\":\"https:\\\/\\\/iheatpanel.nl\\\/de\\\/\",\"name\":\"Startseite - iHeatpanel\",\"isPartOf\":{\"@id\":\"https:\\\/\\\/iheatpanel.nl\\\/#website\"},\"datePublished\":\"2021-02-12T09:50:57+00:00\",\"dateModified\":\"2024-08-20T12:37:07+00:00\",\"breadcrumb\":{\"@id\":\"https:\\\/\\\/iheatpanel.nl\\\/de\\\/#breadcrumb\"},\"inLanguage\":\"de\",\"potentialAction\":[{\"@type\":\"ReadAction\",\"target\":[\"https:\\\/\\\/iheatpanel.nl\\\/de\\\/\"]}]},{\"@type\":\"BreadcrumbList\",\"@id\":\"https:\\\/\\\/iheatpanel.nl\\\/de\\\/#breadcrumb\",\"itemListElement\":[{\"@type\":\"ListItem\",\"position\":1,\"name\":\"Home\",\"item\":\"https:\\\/\\\/iheatpanel.nl\\\/de\\\/\"},{\"@type\":\"ListItem\",\"position\":2,\"name\":\"Startseite\"}]},{\"@type\":\"WebSite\",\"@id\":\"https:\\\/\\\/iheatpanel.nl\\\/#website\",\"url\":\"https:\\\/\\\/iheatpanel.nl\\\/\",\"name\":\"iHeatpanel\",\"description\":\"iHeatpanels van Maxxinno\",\"publisher\":{\"@id\":\"https:\\\/\\\/iheatpanel.nl\\\/#organization\"},\"potentialAction\":[{\"@type\":\"SearchAction\",\"target\":{\"@type\":\"EntryPoint\",\"urlTemplate\":\"https:\\\/\\\/iheatpanel.nl\\\/?s={search_term_string}\"},\"query-input\":{\"@type\":\"PropertyValueSpecification\",\"valueRequired\":true,\"valueName\":\"search_term_string\"}}],\"inLanguage\":\"de\"},{\"@type\":\"Organization\",\"@id\":\"https:\\\/\\\/iheatpanel.nl\\\/#organization\",\"name\":\"iHeatpanel\",\"url\":\"https:\\\/\\\/iheatpanel.nl\\\/\",\"logo\":{\"@type\":\"ImageObject\",\"inLanguage\":\"de\",\"@id\":\"https:\\\/\\\/iheatpanel.nl\\\/#\\\/schema\\\/logo\\\/image\\\/\",\"url\":\"https:\\\/\\\/iheatpanel.nl\\\/wp-content\\\/uploads\\\/2021\\\/03\\\/iheatpanel-logo-lg.png\",\"contentUrl\":\"https:\\\/\\\/iheatpanel.nl\\\/wp-content\\\/uploads\\\/2021\\\/03\\\/iheatpanel-logo-lg.png\",\"width\":568,\"height\":128,\"caption\":\"iHeatpanel\"},\"image\":{\"@id\":\"https:\\\/\\\/iheatpanel.nl\\\/#\\\/schema\\\/logo\\\/image\\\/\"}}]}<\/script>\n<!-- \/ Yoast SEO Premium plugin. -->","yoast_head_json":{"title":"Startseite - iHeatpanel","robots":{"index":"index","follow":"follow","max-snippet":"max-snippet:-1","max-image-preview":"max-image-preview:large","max-video-preview":"max-video-preview:-1"},"canonical":"https:\/\/iheatpanel.nl\/de\/","og_locale":"de_DE","og_type":"article","og_title":"Startseite","og_description":"[vc_row full_width=&#8220;stretch_row_content&#8220; gap=&#8220;35&#8243; content_placement=&#8220;middle&#8220; parallax=&#8220;content-moving-fade&#8220; parallax_image=&#8220;464&#8243;][vc_column width=&#8220;1\/2&#8243;][vc_single_image image=&#8220;782&#8243; img_size=&#8220;219&#215;400&#8243; alignment=&#8220;center&#8220; css_animation=&#8220;fadeInUp&#8220;][\/vc_column][vc_column width=&#8220;1\/2&#8243; el_class=&#8220;opacity-block-dark&#8220;][vc_column_text el_class=&#8220;text-line-block&#8220;] DAS ORIGINAL! Wir stellen schnell installierende, au\u00dfergew\u00f6hnlich effektive Glas-Infrarot-Heizpaneele f\u00fcr den Einsatz [\u2026]","og_url":"https:\/\/iheatpanel.nl\/de\/","og_site_name":"iHeatpanel","article_modified_time":"2024-08-20T12:37:07+00:00","twitter_card":"summary_large_image","schema":{"@context":"https:\/\/schema.org","@graph":[{"@type":"WebPage","@id":"https:\/\/iheatpanel.nl\/de\/","url":"https:\/\/iheatpanel.nl\/de\/","name":"Startseite - iHeatpanel","isPartOf":{"@id":"https:\/\/iheatpanel.nl\/#website"},"datePublished":"2021-02-12T09:50:57+00:00","dateModified":"2024-08-20T12:37:07+00:00","breadcrumb":{"@id":"https:\/\/iheatpanel.nl\/de\/#breadcrumb"},"inLanguage":"de","potentialAction":[{"@type":"ReadAction","target":["https:\/\/iheatpanel.nl\/de\/"]}]},{"@type":"BreadcrumbList","@id":"https:\/\/iheatpanel.nl\/de\/#breadcrumb","itemListElement":[{"@type":"ListItem","position":1,"name":"Home","item":"https:\/\/iheatpanel.nl\/de\/"},{"@type":"ListItem","position":2,"name":"Startseite"}]},{"@type":"WebSite","@id":"https:\/\/iheatpanel.nl\/#website","url":"https:\/\/iheatpanel.nl\/","name":"iHeatpanel","description":"iHeatpanels van Maxxinno","publisher":{"@id":"https:\/\/iheatpanel.nl\/#organization"},"potentialAction":[{"@type":"SearchAction","target":{"@type":"EntryPoint","urlTemplate":"https:\/\/iheatpanel.nl\/?s={search_term_string}"},"query-input":{"@type":"PropertyValueSpecification","valueRequired":true,"valueName":"search_term_string"}}],"inLanguage":"de"},{"@type":"Organization","@id":"https:\/\/iheatpanel.nl\/#organization","name":"iHeatpanel","url":"https:\/\/iheatpanel.nl\/","logo":{"@type":"ImageObject","inLanguage":"de","@id":"https:\/\/iheatpanel.nl\/#\/schema\/logo\/image\/","url":"https:\/\/iheatpanel.nl\/wp-content\/uploads\/2021\/03\/iheatpanel-logo-lg.png","contentUrl":"https:\/\/iheatpanel.nl\/wp-content\/uploads\/2021\/03\/iheatpanel-logo-lg.png","width":568,"height":128,"caption":"iHeatpanel"},"image":{"@id":"https:\/\/iheatpanel.nl\/#\/schema\/logo\/image\/"}}]}},"_links":{"self":[{"href":"https:\/\/iheatpanel.nl\/de\/wp-json\/wp\/v2\/pages\/809","targetHints":{"allow":["GET"]}}],"collection":[{"href":"https:\/\/iheatpanel.nl\/de\/wp-json\/wp\/v2\/pages"}],"about":[{"href":"https:\/\/iheatpanel.nl\/de\/wp-json\/wp\/v2\/types\/page"}],"author":[{"embeddable":true,"href":"https:\/\/iheatpanel.nl\/de\/wp-json\/wp\/v2\/users\/1"}],"replies":[{"embeddable":true,"href":"https:\/\/iheatpanel.nl\/de\/wp-json\/wp\/v2\/comments?post=809"}],"version-history":[{"count":15,"href":"https:\/\/iheatpanel.nl\/de\/wp-json\/wp\/v2\/pages\/809\/revisions"}],"predecessor-version":[{"id":947,"href":"https:\/\/iheatpanel.nl\/de\/wp-json\/wp\/v2\/pages\/809\/revisions\/947"}],"wp:attachment":[{"href":"https:\/\/iheatpanel.nl\/de\/wp-json\/wp\/v2\/media?parent=809"}],"curies":[{"name":"wp","href":"https:\/\/api.w.org\/{rel}","templated":true}]}}